{"id":12984,"date":"2025-10-13T18:59:53","date_gmt":"2025-10-13T15:59:53","guid":{"rendered":"https:\/\/blueseahotel.eu\/das-hotel\/"},"modified":"2025-12-11T10:04:04","modified_gmt":"2025-12-11T07:04:04","slug":"das-hotel","status":"publish","type":"page","link":"https:\/\/blueseahotel.eu\/de\/das-hotel\/","title":{"rendered":"Das Hotel"},"content":{"rendered":"\t\t<div data-elementor-type=\"wp-page\" data-elementor-id=\"12984\" class=\"elementor elementor-12984 elementor-12422\" data-elementor-post-type=\"page\">\n\t\t\t\t<div class=\"elementor-element elementor-element-08e2649 e-con-full e-flex e-con e-parent\" data-id=\"08e2649\" data-element_type=\"container\" data-settings=\"{&quot;background_background&quot;:&quot;classic&quot;}\">\n\t\t\t\t<\/div>\n\t\t<div class=\"elementor-element elementor-element-033bd3b e-con-full e-flex e-con e-parent\" data-id=\"033bd3b\" data-element_type=\"container\" data-settings=\"{&quot;background_background&quot;:&quot;classic&quot;}\">\n\t\t<div class=\"elementor-element elementor-element-effeeab e-con-full qodef-elementor-content-grid e-flex e-con e-child\" data-id=\"effeeab\" data-element_type=\"container\">\n\t\t<div class=\"elementor-element elementor-element-7f05a61 e-con-full e-flex e-con e-child\" data-id=\"7f05a61\" data-element_type=\"container\">\n\t\t<div class=\"elementor-element elementor-element-b86aa0b e-con-full e-flex e-con e-child\" data-id=\"b86aa0b\" data-element_type=\"container\">\n\t\t\t\t<div class=\"elementor-element elementor-element-a73f3ec elementor-widget__width-initial elementor-widget-tablet__width-inherit elementor-widget elementor-widget-carsten_core_section_title\" data-id=\"a73f3ec\" data-element_type=\"widget\" data-widget_type=\"carsten_core_section_title.default\">\n\t\t\t\t<div class=\"elementor-widget-container\">\n\t\t\t\t\t<div class=\"qodef-shortcode qodef-m  qodef-section-title qodef-alignment--left \">\n\t\t<h2 class=\"qodef-m-title\" style=\"color: #FFFFFF;text-transform: uppercase\">\n\t\t\t\t\tDas Blue Sea Hotel ist ein Ort, um das Leben zu genie\u00dfen\u2026\t\t\t<\/h2>\n\t\t<\/div>\n\t\t\t\t<\/div>\n\t\t\t\t<\/div>\n\t\t\t\t<\/div>\n\t\t\t\t<\/div>\n\t\t<div class=\"elementor-element elementor-element-49dd5c9 e-con-full e-flex e-con e-child\" data-id=\"49dd5c9\" data-element_type=\"container\">\n\t\t\t\t<div class=\"elementor-element elementor-element-0874e22 elementor-widget elementor-widget-text-editor\" data-id=\"0874e22\" data-element_type=\"widget\" data-widget_type=\"text-editor.default\">\n\t\t\t\t<div class=\"elementor-widget-container\">\n\t\t\t\t\t\t\t\t\t<p>Das Blue Sea Hotel ist ein neues, hochmodernes Hotel mit allen Annehmlichkeiten und Serviceleistungen, die Sie ben\u00f6tigen, um Ihren Urlaub zu einem unvergesslichen Erlebnis zu machen. Absolute Entspannung \u2013 fernab vom hektischen Stadtleben \u2013 erwartet Sie f\u00fcr den Urlaub, von dem Sie schon immer getr\u00e4umt haben!<\/p>\t\t\t\t\t\t\t\t<\/div>\n\t\t\t\t<\/div>\n\t\t\t\t<div class=\"elementor-element elementor-element-960c41a elementor-widget elementor-widget-text-editor\" data-id=\"960c41a\" data-element_type=\"widget\" data-widget_type=\"text-editor.default\">\n\t\t\t\t<div class=\"elementor-widget-container\">\n\t\t\t\t\t\t\t\t\t<p>Der Tag beginnt mit einem k\u00f6stlichen Fr\u00fchst\u00fcck im Restaurant oder am Pool. Anschlie\u00dfend k\u00f6nnen Sie sich im kristallklaren Wasser des Strandes direkt vor dem Hotel erfrischen und unvergessliche Tagespl\u00e4ne schmieden\u2026 Kaffee und Snacks werden Ihnen bis zum sp\u00e4ten Nachmittag an unserer Strandbar serviert, und der Pool ist nat\u00fcrlich immer eine beliebte Wahl f\u00fcr Jung und Alt.<\/p>\t\t\t\t\t\t\t\t<\/div>\n\t\t\t\t<\/div>\n\t\t\t\t<div class=\"elementor-element elementor-element-19a7984 elementor-widget elementor-widget-text-editor\" data-id=\"19a7984\" data-element_type=\"widget\" data-widget_type=\"text-editor.default\">\n\t\t\t\t<div class=\"elementor-widget-container\">\n\t\t\t\t\t\t\t\t\t<p>Selbstverst\u00e4ndlich k\u00f6nnen Sie in unserem Restaurant Ihr Mittag- oder Abendessen mit griechischer und internationaler K\u00fcche abrunden, mit sorgf\u00e4ltig ausgew\u00e4hlten Zutaten f\u00fcr unvergessliche Gerichte und zu sehr g\u00fcnstigen Preisen.<\/p>\t\t\t\t\t\t\t\t<\/div>\n\t\t\t\t<\/div>\n\t\t\t\t<\/div>\n\t\t\t\t<\/div>\n\t\t\t\t<\/div>\n\t\t<div class=\"elementor-element elementor-element-6f60356 e-con-full e-flex e-con e-parent\" data-id=\"6f60356\" data-element_type=\"container\" data-settings=\"{&quot;background_background&quot;:&quot;classic&quot;}\">\n\t\t\t\t<div class=\"elementor-element elementor-element-f9b3884 elementor-widget elementor-widget-carsten_core_image_gallery\" data-id=\"f9b3884\" data-element_type=\"widget\" data-widget_type=\"carsten_core_image_gallery.default\">\n\t\t\t\t<div class=\"elementor-widget-container\">\n\t\t\t\t\t<div class=\"qodef-shortcode qodef-m  qodef-image-gallery   qodef-vertical-align--no qodef--light qodef-hover--overlay qodef-grid qodef-swiper-container  qodef-gutter--custom  qodef-col-num--2.2  qodef-responsive--custom qodef-col-num--1512--2.2 qodef-col-num--1368--2.2 qodef-col-num--1200--2.2 qodef-col-num--1024--2.2 qodef-col-num--880--2.2 qodef-col-num--680--1\" style=\"--qode-gutter-custom: 60px;--qode-gutter-custom-1512: 60px;--qode-gutter-custom-1200: 40px;--qode-gutter-custom-880: 40px;--qode-gutter-custom-680: 0px\" data-options=\"{&quot;spaceBetween&quot;:60,&quot;spaceBetween1512&quot;:60,&quot;spaceBetween1200&quot;:40,&quot;spaceBetween880&quot;:40,&quot;slidesPerView&quot;:2.2000000000000002,&quot;loop&quot;:true,&quot;autoplay&quot;:true,&quot;speed&quot;:&quot;&quot;,&quot;speedAnimation&quot;:&quot;&quot;,&quot;slideAnimation&quot;:&quot;&quot;,&quot;direction&quot;:&quot;&quot;,&quot;reverseDirection&quot;:false,&quot;centeredSlides&quot;:true,&quot;sliderScroll&quot;:&quot;&quot;,&quot;loopedSlides&quot;:&quot;&quot;,&quot;hiddenSlides&quot;:&quot;&quot;,&quot;partialColumn&quot;:true,&quot;partialColumnValue&quot;:&quot;0.2&quot;,&quot;customStages&quot;:true,&quot;slidesPerView1512&quot;:2.2000000000000002,&quot;slidesPerView1368&quot;:2.2000000000000002,&quot;slidesPerView1200&quot;:2.2000000000000002,&quot;slidesPerView1024&quot;:2.2000000000000002,&quot;slidesPerView880&quot;:2.2000000000000002,&quot;slidesPerView680&quot;:&quot;1&quot;}\">\n\t<div class=\"swiper-wrapper\">\n\t\t<div class=\"qodef-e qodef-image-wrapper swiper-slide \">\n\t\t\t<div class=\"qodef-e-image\">\n\t\t\t<img fetchpriority=\"high\" decoding=\"async\" width=\"1200\" height=\"709\" src=\"https:\/\/blueseahotel.eu\/wp-content\/uploads\/2025\/10\/DSCN8076.jpg\" class=\"attachment-full size-full\" alt=\"Bluesea Hotel\" srcset=\"https:\/\/blueseahotel.eu\/wp-content\/uploads\/2025\/10\/DSCN8076.jpg 1200w, https:\/\/blueseahotel.eu\/wp-content\/uploads\/2025\/10\/DSCN8076-300x177.jpg 300w, https:\/\/blueseahotel.eu\/wp-content\/uploads\/2025\/10\/DSCN8076-1024x605.jpg 1024w, https:\/\/blueseahotel.eu\/wp-content\/uploads\/2025\/10\/DSCN8076-768x454.jpg 768w, https:\/\/blueseahotel.eu\/wp-content\/uploads\/2025\/10\/DSCN8076-600x355.jpg 600w\" sizes=\"(max-width: 1200px) 100vw, 1200px\" \/>\t\t<\/div>\n\t\t\t\t\t<div class=\"qodef-e-caption\">\n\t\t\t\t\t\t\t<\/div>\n\t\t\t<\/div>\n<div class=\"qodef-e qodef-image-wrapper swiper-slide \">\n\t\t\t<div class=\"qodef-e-image\">\n\t\t\t<img decoding=\"async\" width=\"1200\" height=\"800\" src=\"https:\/\/blueseahotel.eu\/wp-content\/uploads\/2025\/10\/NI0A6248.jpg\" class=\"attachment-full size-full\" alt=\"Bluesea Hotel\" srcset=\"https:\/\/blueseahotel.eu\/wp-content\/uploads\/2025\/10\/NI0A6248.jpg 1200w, https:\/\/blueseahotel.eu\/wp-content\/uploads\/2025\/10\/NI0A6248-300x200.jpg 300w, https:\/\/blueseahotel.eu\/wp-content\/uploads\/2025\/10\/NI0A6248-1024x683.jpg 1024w, https:\/\/blueseahotel.eu\/wp-content\/uploads\/2025\/10\/NI0A6248-768x512.jpg 768w, https:\/\/blueseahotel.eu\/wp-content\/uploads\/2025\/10\/NI0A6248-600x400.jpg 600w\" sizes=\"(max-width: 1200px) 100vw, 1200px\" \/>\t\t<\/div>\n\t\t\t\t\t<div class=\"qodef-e-caption\">\n\t\t\t\t\t\t\t<\/div>\n\t\t\t<\/div>\n<div class=\"qodef-e qodef-image-wrapper swiper-slide \">\n\t\t\t<div class=\"qodef-e-image\">\n\t\t\t<img decoding=\"async\" width=\"1200\" height=\"675\" src=\"https:\/\/blueseahotel.eu\/wp-content\/uploads\/2025\/10\/NI0A6330.jpg\" class=\"attachment-full size-full\" alt=\"Bluesea Hotel\" srcset=\"https:\/\/blueseahotel.eu\/wp-content\/uploads\/2025\/10\/NI0A6330.jpg 1200w, https:\/\/blueseahotel.eu\/wp-content\/uploads\/2025\/10\/NI0A6330-300x169.jpg 300w, https:\/\/blueseahotel.eu\/wp-content\/uploads\/2025\/10\/NI0A6330-1024x576.jpg 1024w, https:\/\/blueseahotel.eu\/wp-content\/uploads\/2025\/10\/NI0A6330-768x432.jpg 768w, https:\/\/blueseahotel.eu\/wp-content\/uploads\/2025\/10\/NI0A6330-600x338.jpg 600w\" sizes=\"(max-width: 1200px) 100vw, 1200px\" \/>\t\t<\/div>\n\t\t\t\t\t<div class=\"qodef-e-caption\">\n\t\t\t\t\t\t\t<\/div>\n\t\t\t<\/div>\n<div class=\"qodef-e qodef-image-wrapper swiper-slide \">\n\t\t\t<div class=\"qodef-e-image\">\n\t\t\t<img loading=\"lazy\" decoding=\"async\" width=\"1200\" height=\"800\" src=\"https:\/\/blueseahotel.eu\/wp-content\/uploads\/2025\/10\/NI0A6493.jpg\" class=\"attachment-full size-full\" alt=\"Bluesea Hotel\" srcset=\"https:\/\/blueseahotel.eu\/wp-content\/uploads\/2025\/10\/NI0A6493.jpg 1200w, https:\/\/blueseahotel.eu\/wp-content\/uploads\/2025\/10\/NI0A6493-300x200.jpg 300w, https:\/\/blueseahotel.eu\/wp-content\/uploads\/2025\/10\/NI0A6493-1024x683.jpg 1024w, https:\/\/blueseahotel.eu\/wp-content\/uploads\/2025\/10\/NI0A6493-768x512.jpg 768w, https:\/\/blueseahotel.eu\/wp-content\/uploads\/2025\/10\/NI0A6493-600x400.jpg 600w\" sizes=\"(max-width: 1200px) 100vw, 1200px\" \/>\t\t<\/div>\n\t\t\t\t\t<div class=\"qodef-e-caption\">\n\t\t\t\t\t\t\t<\/div>\n\t\t\t<\/div>\n\t<\/div>\n\t\t<\/div>\n\t\t\t\t<\/div>\n\t\t\t\t<\/div>\n\t\t\t\t<\/div>\n\t\t<div class=\"elementor-element elementor-element-3f7f335 e-con-full qodef-elementor-content-grid e-flex e-con e-parent\" data-id=\"3f7f335\" data-element_type=\"container\">\n\t\t\t\t<div class=\"elementor-element elementor-element-d3ab4f3 elementor-widget elementor-widget-carsten_core_section_title\" data-id=\"d3ab4f3\" data-element_type=\"widget\" data-widget_type=\"carsten_core_section_title.default\">\n\t\t\t\t<div class=\"elementor-widget-container\">\n\t\t\t\t\t<div class=\"qodef-shortcode qodef-m  qodef-section-title qodef-alignment--center \">\n\t\t<h2 class=\"qodef-m-title\" style=\"text-transform: uppercase\">\n\t\t\t\t\tAusstattung\t\t\t<\/h2>\n\t\t<\/div>\n\t\t\t\t<\/div>\n\t\t\t\t<\/div>\n\t\t\t\t<\/div>\n\t\t<div class=\"elementor-element elementor-element-bdccf2d e-con-full e-flex e-con e-parent\" data-id=\"bdccf2d\" data-element_type=\"container\">\n\t\t<div class=\"elementor-element elementor-element-27a077e e-con-full qodef-elementor-content-grid e-flex e-con e-child\" data-id=\"27a077e\" data-element_type=\"container\">\n\t\t\t\t<div class=\"elementor-element elementor-element-1f16368 elementor-widget__width-inherit elementor-widget elementor-widget-carsten_core_icon_with_text\" data-id=\"1f16368\" data-element_type=\"widget\" data-widget_type=\"carsten_core_icon_with_text.default\">\n\t\t\t\t<div class=\"elementor-widget-container\">\n\t\t\t\t\t<div class=\"qodef-shortcode qodef-m  qodef-icon-with-text qodef-layout--top qodef--icon-pack  qodef-alignment--left qodef-alignment-mobile--center\">\n\t<div class=\"qodef-m-icon-wrapper\" >\n\t\t<span class=\"qodef-shortcode qodef-m  qodef-icon-holder qodef-size--large qodef-layout--normal\"  >\t\t\t<span class=\"qodef-icon-font-awesome fa fa-bath qodef-icon qodef-e\" style=\"\" ><\/span>\t<\/span>\t<\/div>\n\t<div class=\"qodef-m-content\">\n\t\t\t\t\t<h5 class=\"qodef-m-title\" style=\"margin-top: 21px\">\n\t\t\t\t\t<span class=\"qodef-m-title-text\">Zweist\u00f6ckiges Schwimmbecken f\u00fcr Erwachsene und Kinder<\/span>\n\t\t\t<\/h5>\n\t\t\t<\/div>\n<\/div>\n\t\t\t\t<\/div>\n\t\t\t\t<\/div>\n\t\t\t\t<div class=\"elementor-element elementor-element-1ee8c04 elementor-widget__width-inherit elementor-widget elementor-widget-carsten_core_icon_with_text\" data-id=\"1ee8c04\" data-element_type=\"widget\" data-widget_type=\"carsten_core_icon_with_text.default\">\n\t\t\t\t<div class=\"elementor-widget-container\">\n\t\t\t\t\t<div class=\"qodef-shortcode qodef-m  qodef-icon-with-text qodef-layout--top qodef--icon-pack  qodef-alignment--left qodef-alignment-mobile--center\">\n\t<div class=\"qodef-m-icon-wrapper\" style=\"margin: -8px 0px 0px 0px\">\n\t\t<span class=\"qodef-shortcode qodef-m  qodef-icon-holder qodef-size--large qodef-layout--normal\"  >\t\t\t<span class=\"qodef-icon-font-awesome fa fa-umbrella-beach qodef-icon qodef-e\" style=\"\" ><\/span>\t<\/span>\t<\/div>\n\t<div class=\"qodef-m-content\">\n\t\t\t\t\t<h5 class=\"qodef-m-title\" style=\"margin-top: 21px\">\n\t\t\t\t\t<span class=\"qodef-m-title-text\">Sonnenliegen im Poolbereich<\/span>\n\t\t\t<\/h5>\n\t\t\t<\/div>\n<\/div>\n\t\t\t\t<\/div>\n\t\t\t\t<\/div>\n\t\t\t\t<div class=\"elementor-element elementor-element-be163de elementor-widget__width-inherit elementor-widget elementor-widget-carsten_core_icon_with_text\" data-id=\"be163de\" data-element_type=\"widget\" data-widget_type=\"carsten_core_icon_with_text.default\">\n\t\t\t\t<div class=\"elementor-widget-container\">\n\t\t\t\t\t<div class=\"qodef-shortcode qodef-m  qodef-icon-with-text qodef-layout--top qodef--custom-icon qodef--retina qodef-alignment--left qodef-alignment-mobile--center\">\n\t<div class=\"qodef-m-icon-wrapper\" style=\"width: 39px;margin: -15px 0px 0px 0px\">\n\t\t\t\t\t<img loading=\"lazy\" decoding=\"async\" width=\"78\" height=\"108\" src=\"https:\/\/blueseahotel.eu\/wp-content\/uploads\/2024\/02\/about-us-icon3.png\" class=\"attachment-full size-full\" alt=\"f\" \/>\t\t<\/div>\n\t<div class=\"qodef-m-content\">\n\t\t\t\t\t<h5 class=\"qodef-m-title\" style=\"margin-top: 21px\">\n\t\t\t\t\t<span class=\"qodef-m-title-text\">Umbrellas and sun loungers on the beach<\/span>\n\t\t\t<\/h5>\n\t\t\t<\/div>\n<\/div>\n\t\t\t\t<\/div>\n\t\t\t\t<\/div>\n\t\t\t\t<\/div>\n\t\t\t\t<\/div>\n\t\t<div class=\"elementor-element elementor-element-b2eff06 e-con-full e-flex e-con e-parent\" data-id=\"b2eff06\" data-element_type=\"container\">\n\t\t<div class=\"elementor-element elementor-element-7e74293 e-con-full qodef-elementor-content-grid e-flex e-con e-child\" data-id=\"7e74293\" data-element_type=\"container\">\n\t\t\t\t<div class=\"elementor-element elementor-element-8991ae8 elementor-widget__width-inherit elementor-widget elementor-widget-carsten_core_icon_with_text\" data-id=\"8991ae8\" data-element_type=\"widget\" data-widget_type=\"carsten_core_icon_with_text.default\">\n\t\t\t\t<div class=\"elementor-widget-container\">\n\t\t\t\t\t<div class=\"qodef-shortcode qodef-m  qodef-icon-with-text qodef-layout--top qodef--icon-pack  qodef-alignment--left qodef-alignment-mobile--center\">\n\t<div class=\"qodef-m-icon-wrapper\" >\n\t\t<span class=\"qodef-shortcode qodef-m  qodef-icon-holder qodef-size--large qodef-layout--normal\"  >\t\t\t<span class=\"qodef-icon-font-awesome fa fa-champagne-glasses qodef-icon qodef-e\" style=\"\" ><\/span>\t<\/span>\t<\/div>\n\t<div class=\"qodef-m-content\">\n\t\t\t\t\t<h5 class=\"qodef-m-title\" style=\"margin-top: 22px\">\n\t\t\t\t\t<span class=\"qodef-m-title-text\">Kaffeebar<\/span>\n\t\t\t<\/h5>\n\t\t\t<\/div>\n<\/div>\n\t\t\t\t<\/div>\n\t\t\t\t<\/div>\n\t\t\t\t<div class=\"elementor-element elementor-element-4772916 elementor-widget__width-inherit elementor-widget elementor-widget-carsten_core_icon_with_text\" data-id=\"4772916\" data-element_type=\"widget\" data-widget_type=\"carsten_core_icon_with_text.default\">\n\t\t\t\t<div class=\"elementor-widget-container\">\n\t\t\t\t\t<div class=\"qodef-shortcode qodef-m  qodef-icon-with-text qodef-layout--top qodef--icon-pack  qodef-alignment--left qodef-alignment-mobile--center\">\n\t<div class=\"qodef-m-icon-wrapper\" style=\"margin: -6px 0px 0px 0px\">\n\t\t<span class=\"qodef-shortcode qodef-m  qodef-icon-holder qodef-size--large qodef-layout--normal\"  >\t\t\t<span class=\"qodef-icon-font-awesome fa fa-square-parking qodef-icon qodef-e\" style=\"\" ><\/span>\t<\/span>\t<\/div>\n\t<div class=\"qodef-m-content\">\n\t\t\t\t\t<h5 class=\"qodef-m-title\" style=\"margin-top: 22px\">\n\t\t\t\t\t<span class=\"qodef-m-title-text\">Kostenlose Parkpl\u00e4tze<\/span>\n\t\t\t<\/h5>\n\t\t\t<\/div>\n<\/div>\n\t\t\t\t<\/div>\n\t\t\t\t<\/div>\n\t\t\t\t<div class=\"elementor-element elementor-element-b56254f elementor-widget__width-inherit elementor-widget elementor-widget-carsten_core_icon_with_text\" data-id=\"b56254f\" data-element_type=\"widget\" data-widget_type=\"carsten_core_icon_with_text.default\">\n\t\t\t\t<div class=\"elementor-widget-container\">\n\t\t\t\t\t<div class=\"qodef-shortcode qodef-m  qodef-icon-with-text qodef-layout--top qodef--icon-pack  qodef-alignment--left qodef-alignment-mobile--center\">\n\t<div class=\"qodef-m-icon-wrapper\" style=\"margin: 10px 0px 0px 0px\">\n\t\t<span class=\"qodef-shortcode qodef-m  qodef-icon-holder qodef-size--large qodef-layout--normal\"  >\t\t\t<span class=\"qodef-icon-font-awesome fa fa-wifi qodef-icon qodef-e\" style=\"\" ><\/span>\t<\/span>\t<\/div>\n\t<div class=\"qodef-m-content\">\n\t\t\t\t\t<h5 class=\"qodef-m-title\" style=\"margin-top: 22px\">\n\t\t\t\t\t<span class=\"qodef-m-title-text\">Kostenloses Wifi<\/span>\n\t\t\t<\/h5>\n\t\t\t<\/div>\n<\/div>\n\t\t\t\t<\/div>\n\t\t\t\t<\/div>\n\t\t\t\t<\/div>\n\t\t\t\t<\/div>\n\t\t<div class=\"elementor-element elementor-element-f94c926 e-con-full e-flex e-con e-parent\" data-id=\"f94c926\" data-element_type=\"container\">\n\t\t<div class=\"elementor-element elementor-element-587b62e e-con-full e-flex e-con e-child\" data-id=\"587b62e\" data-element_type=\"container\" data-settings=\"{&quot;background_background&quot;:&quot;classic&quot;}\">\n\t\t\t\t<\/div>\n\t\t<div class=\"elementor-element elementor-element-f31acaa e-con-full e-flex e-con e-child\" data-id=\"f31acaa\" data-element_type=\"container\" data-settings=\"{&quot;background_background&quot;:&quot;classic&quot;}\">\n\t\t<div class=\"elementor-element elementor-element-e11cfdc e-con-full e-flex e-con e-child\" data-id=\"e11cfdc\" data-element_type=\"container\">\n\t\t\t\t<div class=\"elementor-element elementor-element-0771622 elementor-widget__width-initial elementor-widget elementor-widget-carsten_core_section_title\" data-id=\"0771622\" data-element_type=\"widget\" data-widget_type=\"carsten_core_section_title.default\">\n\t\t\t\t<div class=\"elementor-widget-container\">\n\t\t\t\t\t<div class=\"qodef-shortcode qodef-m  qodef-section-title qodef-alignment--left \">\n\t\t<h3 class=\"qodef-m-title\" style=\"text-transform: uppercase\">\n\t\t\t\t\tBlue Sea Hotel\t\t\t<\/h3>\n\t\t<\/div>\n\t\t\t\t<\/div>\n\t\t\t\t<\/div>\n\t\t\t\t<\/div>\n\t\t<div class=\"elementor-element elementor-element-faffa7e e-con-full e-flex e-con e-child\" data-id=\"faffa7e\" data-element_type=\"container\">\n\t\t\t\t<\/div>\n\t\t\t\t<\/div>\n\t\t\t\t<\/div>\n\t\t\t\t<\/div>\n\t\t","protected":false},"excerpt":{"rendered":"<p>Das Blue Sea Hotel ist ein Ort, um das Leben zu genie\u00dfen\u2026 Das Blue Sea Hotel ist ein neues, hochmodernes Hotel mit allen Annehmlichkeiten und Serviceleistungen, die Sie ben\u00f6tigen, um Ihren Urlaub zu einem unvergesslichen Erlebnis zu machen. Absolute Entspannung \u2013 fernab vom hektischen Stadtleben \u2013 erwartet Sie f\u00fcr den Urlaub, von dem Sie schon [&hellip;]<\/p>\n","protected":false},"author":1,"featured_media":0,"parent":0,"menu_order":0,"comment_status":"closed","ping_status":"closed","template":"page-full-width.php","meta":{"footnotes":""},"class_list":["post-12984","page","type-page","status-publish","hentry"],"_links":{"self":[{"href":"https:\/\/blueseahotel.eu\/de\/wp-json\/wp\/v2\/pages\/12984","targetHints":{"allow":["GET"]}}],"collection":[{"href":"https:\/\/blueseahotel.eu\/de\/wp-json\/wp\/v2\/pages"}],"about":[{"href":"https:\/\/blueseahotel.eu\/de\/wp-json\/wp\/v2\/types\/page"}],"author":[{"embeddable":true,"href":"https:\/\/blueseahotel.eu\/de\/wp-json\/wp\/v2\/users\/1"}],"replies":[{"embeddable":true,"href":"https:\/\/blueseahotel.eu\/de\/wp-json\/wp\/v2\/comments?post=12984"}],"version-history":[{"count":1,"href":"https:\/\/blueseahotel.eu\/de\/wp-json\/wp\/v2\/pages\/12984\/revisions"}],"predecessor-version":[{"id":12986,"href":"https:\/\/blueseahotel.eu\/de\/wp-json\/wp\/v2\/pages\/12984\/revisions\/12986"}],"wp:attachment":[{"href":"https:\/\/blueseahotel.eu\/de\/wp-json\/wp\/v2\/media?parent=12984"}],"curies":[{"name":"wp","href":"https:\/\/api.w.org\/{rel}","templated":true}]}}